{"id":209,"date":"2017-04-03T08:34:41","date_gmt":"2017-04-03T06:34:41","guid":{"rendered":"http:\/\/dronningensbolig.no\/beliggenhet\/"},"modified":"2017-08-07T10:20:48","modified_gmt":"2017-08-07T08:20:48","slug":"location","status":"publish","type":"page","link":"https:\/\/dronningensbolig.no\/en\/location\/","title":{"rendered":"Location"},"content":{"rendered":"<p class=\"p1\">Dronningens gate 50, built in 1840, is located where the tram\u00a0line from Lian and By\u00e5sen stops, in the center of Trondheim. It was built as part of Trondheim&#8217;s new city plan in 1681. There is zone parking available.<\/p>\n<p class=\"p1\">St J\u00f8rgensveita extends northwards from Bispegata, Nidelven and the cemetery\u00a0at Nidaros Cathedral, via R\u00e5dhus Park, to V\u00e5r Frues Kirke. St J\u00f8rgensveita, formerly referred to as the &#8220;Gamle Kirkestrede&#8221;, is the same street as the Middle Ages of the &#8220;Langstrete&#8221; where Kannikerne had their homes.<\/p>\n<p class=\"p1\">In St J\u00f8rgensveita you will live in the middle of Trondheim, with the tranquility of the park and the inspiration of history.<\/p>\n<p class=\"p1\">If you want to camp\u00a0in the woods in beautiful surroundings, it is only a 15 minutes\u00a0ride by car from Trondheim city center. A close and great\u00a0hiking area we can recommend, among many, is the V\u00e5ttakammen. There is also a short distance to bathing spots\u00a0both in Ilsvika and Lade.<\/p>\n","protected":false},"excerpt":{"rendered":"<p>By renting with us, you\u00b4re not only living in pleasant accommodations, but nearby all the city has to offer!<\/p>\n","protected":false},"author":1,"featured_media":0,"parent":0,"menu_order":0,"comment_status":"closed","ping_status":"closed","template":"page-beliggenhet.php","meta":{"_acf_changed":false,"inline_featured_image":false,"footnotes":""},"class_list":["post-209","page","type-page","status-publish","hentry"],"acf":[],"yoast_head":"<!-- This site is optimized with the Yoast SEO plugin v27.3 - https:\/\/yoast.com\/product\/yoast-seo-wordpress\/ -->\n<title>Location - Dronningens Bolig<\/title>\n<meta name=\"robots\" content=\"index, follow, max-snippet:-1, max-image-preview:large, max-video-preview:-1\" \/>\n<link rel=\"canonical\" href=\"https:\/\/dronningensbolig.no\/en\/location\/\" \/>\n<meta property=\"og:locale\" content=\"en_US\" \/>\n<meta property=\"og:type\" content=\"article\" \/>\n<meta property=\"og:title\" content=\"Location - Dronningens Bolig\" \/>\n<meta property=\"og:description\" content=\"By renting with us, you\u00b4re not only living in pleasant accommodations, but nearby all the city has to offer!\" \/>\n<meta property=\"og:url\" content=\"https:\/\/dronningensbolig.no\/en\/location\/\" \/>\n<meta property=\"og:site_name\" content=\"Dronningens Bolig\" \/>\n<meta property=\"article:modified_time\" content=\"2017-08-07T08:20:48+00:00\" \/>\n<meta name=\"twitter:card\" content=\"summary_large_image\" \/>\n<meta name=\"twitter:label1\" content=\"Est. reading time\" \/>\n\t<meta name=\"twitter:data1\" content=\"1 minute\" \/>\n<script type=\"application\/ld+json\" class=\"yoast-schema-graph\">{\"@context\":\"https:\\\/\\\/schema.org\",\"@graph\":[{\"@type\":\"WebPage\",\"@id\":\"https:\\\/\\\/dronningensbolig.no\\\/en\\\/location\\\/\",\"url\":\"https:\\\/\\\/dronningensbolig.no\\\/en\\\/location\\\/\",\"name\":\"Location - Dronningens Bolig\",\"isPartOf\":{\"@id\":\"https:\\\/\\\/dronningensbolig.no\\\/#website\"},\"datePublished\":\"2017-04-03T06:34:41+00:00\",\"dateModified\":\"2017-08-07T08:20:48+00:00\",\"breadcrumb\":{\"@id\":\"https:\\\/\\\/dronningensbolig.no\\\/en\\\/location\\\/#breadcrumb\"},\"inLanguage\":\"en-US\",\"potentialAction\":[{\"@type\":\"ReadAction\",\"target\":[\"https:\\\/\\\/dronningensbolig.no\\\/en\\\/location\\\/\"]}]},{\"@type\":\"BreadcrumbList\",\"@id\":\"https:\\\/\\\/dronningensbolig.no\\\/en\\\/location\\\/#breadcrumb\",\"itemListElement\":[{\"@type\":\"ListItem\",\"position\":1,\"name\":\"Hjem\",\"item\":\"https:\\\/\\\/dronningensbolig.no\\\/en\\\/\"},{\"@type\":\"ListItem\",\"position\":2,\"name\":\"Location\"}]},{\"@type\":\"WebSite\",\"@id\":\"https:\\\/\\\/dronningensbolig.no\\\/#website\",\"url\":\"https:\\\/\\\/dronningensbolig.no\\\/\",\"name\":\"Dronningens Bolig\",\"description\":\"\",\"potentialAction\":[{\"@type\":\"SearchAction\",\"target\":{\"@type\":\"EntryPoint\",\"urlTemplate\":\"https:\\\/\\\/dronningensbolig.no\\\/?s={search_term_string}\"},\"query-input\":{\"@type\":\"PropertyValueSpecification\",\"valueRequired\":true,\"valueName\":\"search_term_string\"}}],\"inLanguage\":\"en-US\"}]}<\/script>\n<!-- \/ Yoast SEO plugin. -->","yoast_head_json":{"title":"Location - Dronningens Bolig","robots":{"index":"index","follow":"follow","max-snippet":"max-snippet:-1","max-image-preview":"max-image-preview:large","max-video-preview":"max-video-preview:-1"},"canonical":"https:\/\/dronningensbolig.no\/en\/location\/","og_locale":"en_US","og_type":"article","og_title":"Location - Dronningens Bolig","og_description":"By renting with us, you\u00b4re not only living in pleasant accommodations, but nearby all the city has to offer!","og_url":"https:\/\/dronningensbolig.no\/en\/location\/","og_site_name":"Dronningens Bolig","article_modified_time":"2017-08-07T08:20:48+00:00","twitter_card":"summary_large_image","twitter_misc":{"Est. reading time":"1 minute"},"schema":{"@context":"https:\/\/schema.org","@graph":[{"@type":"WebPage","@id":"https:\/\/dronningensbolig.no\/en\/location\/","url":"https:\/\/dronningensbolig.no\/en\/location\/","name":"Location - Dronningens Bolig","isPartOf":{"@id":"https:\/\/dronningensbolig.no\/#website"},"datePublished":"2017-04-03T06:34:41+00:00","dateModified":"2017-08-07T08:20:48+00:00","breadcrumb":{"@id":"https:\/\/dronningensbolig.no\/en\/location\/#breadcrumb"},"inLanguage":"en-US","potentialAction":[{"@type":"ReadAction","target":["https:\/\/dronningensbolig.no\/en\/location\/"]}]},{"@type":"BreadcrumbList","@id":"https:\/\/dronningensbolig.no\/en\/location\/#breadcrumb","itemListElement":[{"@type":"ListItem","position":1,"name":"Hjem","item":"https:\/\/dronningensbolig.no\/en\/"},{"@type":"ListItem","position":2,"name":"Location"}]},{"@type":"WebSite","@id":"https:\/\/dronningensbolig.no\/#website","url":"https:\/\/dronningensbolig.no\/","name":"Dronningens Bolig","description":"","potentialAction":[{"@type":"SearchAction","target":{"@type":"EntryPoint","urlTemplate":"https:\/\/dronningensbolig.no\/?s={search_term_string}"},"query-input":{"@type":"PropertyValueSpecification","valueRequired":true,"valueName":"search_term_string"}}],"inLanguage":"en-US"}]}},"_links":{"self":[{"href":"https:\/\/dronningensbolig.no\/en\/wp-json\/wp\/v2\/pages\/209","targetHints":{"allow":["GET"]}}],"collection":[{"href":"https:\/\/dronningensbolig.no\/en\/wp-json\/wp\/v2\/pages"}],"about":[{"href":"https:\/\/dronningensbolig.no\/en\/wp-json\/wp\/v2\/types\/page"}],"author":[{"embeddable":true,"href":"https:\/\/dronningensbolig.no\/en\/wp-json\/wp\/v2\/users\/1"}],"replies":[{"embeddable":true,"href":"https:\/\/dronningensbolig.no\/en\/wp-json\/wp\/v2\/comments?post=209"}],"version-history":[{"count":5,"href":"https:\/\/dronningensbolig.no\/en\/wp-json\/wp\/v2\/pages\/209\/revisions"}],"predecessor-version":[{"id":266,"href":"https:\/\/dronningensbolig.no\/en\/wp-json\/wp\/v2\/pages\/209\/revisions\/266"}],"wp:attachment":[{"href":"https:\/\/dronningensbolig.no\/en\/wp-json\/wp\/v2\/media?parent=209"}],"curies":[{"name":"wp","href":"https:\/\/api.w.org\/{rel}","templated":true}]}}